{"id":15855,"date":"2022-10-22T07:10:00","date_gmt":"2022-10-22T07:10:00","guid":{"rendered":"https:\/\/devologyx.io\/sinscrire-2\/"},"modified":"2023-06-08T16:05:03","modified_gmt":"2023-06-08T16:05:03","slug":"sinscrire-2","status":"publish","type":"page","link":"https:\/\/devologyx.io\/fr\/sinscrire-2\/","title":{"rendered":"S&rsquo;inscrire"},"content":{"rendered":"\t\t<div data-elementor-type=\"wp-page\" data-elementor-id=\"15855\" class=\"elementor elementor-15855 elementor-9096\" data-elementor-post-type=\"page\">\n\t\t\t\t\t\t<section class=\"elementor-section elementor-top-section elementor-element elementor-element-8a661ba elementor-section-height-full elementor-section-items-stretch elementor-reverse-tablet elementor-reverse-mobile elementor-section-boxed elementor-section-height-default\" data-id=\"8a661ba\" data-element_type=\"section\" data-e-type=\"section\" data-settings=\"{&quot;jet_parallax_layout_list&quot;:[]}\">\n\t\t\t\t\t\t<div class=\"elementor-container elementor-column-gap-default\">\n\t\t\t\t\t<div class=\"elementor-column elementor-col-50 elementor-top-column elementor-element elementor-element-243677b register-left-column\" data-id=\"243677b\" data-element_type=\"column\" data-e-type=\"column\" data-settings=\"{&quot;background_background&quot;:&quot;gradient&quot;}\">\n\t\t\t<div class=\"elementor-widget-wrap elementor-element-populated\">\n\t\t\t\t\t\t<div class=\"elementor-element elementor-element-ff8da49 elementor-widget elementor-widget-image\" data-id=\"ff8da49\" data-element_type=\"widget\" data-e-type=\"widget\" data-widget_type=\"image.default\">\n\t\t\t\t<div class=\"elementor-widget-container\">\n\t\t\t\t\t\t\t\t\t\t\t\t\t\t\t<img fetchpriority=\"high\" decoding=\"async\" width=\"354\" height=\"273\" src=\"https:\/\/devologyx.io\/wp-content\/uploads\/2022\/10\/Group-209.png\" class=\"attachment-full size-full wp-image-15095\" alt=\"\" srcset=\"https:\/\/devologyx.io\/wp-content\/uploads\/2022\/10\/Group-209.png 354w, https:\/\/devologyx.io\/wp-content\/uploads\/2022\/10\/Group-209-300x231.png 300w\" sizes=\"(max-width: 354px) 100vw, 354px\" \/>\t\t\t\t\t\t\t\t\t\t\t\t\t\t\t<\/div>\n\t\t\t\t<\/div>\n\t\t\t\t<div class=\"elementor-element elementor-element-3db2a5e elementor-testimonial--layout-image_above register-left elementor-testimonial--skin-default elementor-testimonial--align-center elementor-pagination-type-bullets elementor-widget elementor-widget-testimonial-carousel\" data-id=\"3db2a5e\" data-element_type=\"widget\" data-e-type=\"widget\" data-settings=\"{&quot;slides_per_view_tablet&quot;:&quot;1&quot;,&quot;slides_to_scroll_tablet&quot;:&quot;1&quot;,&quot;pagination&quot;:&quot;bullets&quot;,&quot;speed&quot;:500,&quot;autoplay&quot;:&quot;yes&quot;,&quot;autoplay_speed&quot;:5000,&quot;loop&quot;:&quot;yes&quot;,&quot;pause_on_hover&quot;:&quot;yes&quot;,&quot;pause_on_interaction&quot;:&quot;yes&quot;,&quot;space_between&quot;:{&quot;unit&quot;:&quot;px&quot;,&quot;size&quot;:10,&quot;sizes&quot;:[]},&quot;space_between_widescreen&quot;:{&quot;unit&quot;:&quot;px&quot;,&quot;size&quot;:10,&quot;sizes&quot;:[]},&quot;space_between_laptop&quot;:{&quot;unit&quot;:&quot;px&quot;,&quot;size&quot;:10,&quot;sizes&quot;:[]},&quot;space_between_tablet&quot;:{&quot;unit&quot;:&quot;px&quot;,&quot;size&quot;:10,&quot;sizes&quot;:[]},&quot;space_between_mobile&quot;:{&quot;unit&quot;:&quot;px&quot;,&quot;size&quot;:10,&quot;sizes&quot;:[]}}\" data-widget_type=\"testimonial-carousel.default\">\n\t\t\t\t<div class=\"elementor-widget-container\">\n\t\t\t\t\t\t\t\t\t<div class=\"elementor-swiper\">\n\t\t\t\t\t<div class=\"elementor-main-swiper swiper\" role=\"region\" aria-roledescription=\"carousel\" aria-label=\"Diapositives\">\n\t\t\t\t<div class=\"swiper-wrapper\">\n\t\t\t\t\t\t\t\t\t\t\t<div class=\"swiper-slide\" role=\"group\" aria-roledescription=\"slide\">\n\t\t\t\t\t\t\t\t\t<div class=\"elementor-testimonial\">\n\t\t\t\t\t\t\t<div class=\"elementor-testimonial__content\">\n\t\t\t\t\t<div class=\"elementor-testimonial__text\">\n\t\t\t\t\t\t<p><strong style=\"font-size:20px;\">Cr\u00e9ez votre profil<\/strong><br \/>\n<br \/>\nPour en savoir plus \u27a1\ufe0f<\/p>\n\t\t\t\t\t<\/div>\n\t\t\t\t\t\t\t\t\t<\/div>\n\t\t\t\t\t\t<div class=\"elementor-testimonial__footer\">\n\t\t\t\t\t\t\t\t\t<div class=\"elementor-testimonial__image\">\n\t\t\t\t\t\t<img decoding=\"async\" src=\"https:\/\/devologyx.io\/wp-content\/uploads\/2022\/10\/icon-man.svg\" alt=\"\">\n\t\t\t\t\t\t\t\t\t\t\t<\/div>\n\t\t\t\t\t\t\t\t\t\t\t<\/div>\n\t\t<\/div>\n\t\t\t\t\t\t\t\t<\/div>\n\t\t\t\t\t\t\t\t\t\t\t<div class=\"swiper-slide\" role=\"group\" aria-roledescription=\"slide\">\n\t\t\t\t\t\t\t\t\t<div class=\"elementor-testimonial\">\n\t\t\t\t\t\t\t<div class=\"elementor-testimonial__content\">\n\t\t\t\t\t<div class=\"elementor-testimonial__text\">\n\t\t\t\t\t\t<p><strong style=\"font-size:20px;\">T\u00e9l\u00e9chargez votre CV<\/strong><br \/>\n<br \/>\nRecevez des offres d'emploi personnalis\u00e9es et exclusives  <\/p>\n\t\t\t\t\t<\/div>\n\t\t\t\t\t\t\t\t\t<\/div>\n\t\t\t\t\t\t<div class=\"elementor-testimonial__footer\">\n\t\t\t\t\t\t\t\t\t<div class=\"elementor-testimonial__image\">\n\t\t\t\t\t\t<img decoding=\"async\" src=\"https:\/\/devologyx.io\/wp-content\/uploads\/2022\/10\/resume.png\" alt=\"\">\n\t\t\t\t\t\t\t\t\t\t\t<\/div>\n\t\t\t\t\t\t\t\t\t\t\t<\/div>\n\t\t<\/div>\n\t\t\t\t\t\t\t\t<\/div>\n\t\t\t\t\t\t\t\t\t\t\t<div class=\"swiper-slide\" role=\"group\" aria-roledescription=\"slide\">\n\t\t\t\t\t\t\t\t\t<div class=\"elementor-testimonial\">\n\t\t\t\t\t\t\t<div class=\"elementor-testimonial__content\">\n\t\t\t\t\t<div class=\"elementor-testimonial__text\">\n\t\t\t\t\t\t<p><strong style=\"font-size:20px;\">Construisez votre meilleur CV avec DevologyX<\/strong><br \/>\n<br \/>\nD\u00e9marquez-vous avec plus de 20 mod\u00e8les de CV enti\u00e8rement personnalisables et pr\u00eats \u00e0 l'emploi.<\/p>\n\t\t\t\t\t<\/div>\n\t\t\t\t\t\t\t\t\t<\/div>\n\t\t\t\t\t\t<div class=\"elementor-testimonial__footer\">\n\t\t\t\t\t\t\t\t\t<div class=\"elementor-testimonial__image\">\n\t\t\t\t\t\t<img decoding=\"async\" src=\"https:\/\/devologyx.io\/wp-content\/uploads\/2022\/10\/cv.png\" alt=\"\">\n\t\t\t\t\t\t\t\t\t\t\t<\/div>\n\t\t\t\t\t\t\t\t\t\t\t<\/div>\n\t\t<\/div>\n\t\t\t\t\t\t\t\t<\/div>\n\t\t\t\t\t\t\t\t\t\t\t<div class=\"swiper-slide\" role=\"group\" aria-roledescription=\"slide\">\n\t\t\t\t\t\t\t\t\t<div class=\"elementor-testimonial\">\n\t\t\t\t\t\t\t<div class=\"elementor-testimonial__content\">\n\t\t\t\t\t<div class=\"elementor-testimonial__text\">\n\t\t\t\t\t\t<p><strong style=\"font-size:20px;\">Offres d'emploi dans votre bo\u00eete de r\u00e9ception<\/strong><br \/>\n<br \/>\nRecevez des offres d'emploi appropri\u00e9es<br \/>\nd\u00e8s qu'elles sont VIVANTES<\/p>\n\t\t\t\t\t<\/div>\n\t\t\t\t\t\t\t\t\t<\/div>\n\t\t\t\t\t\t<div class=\"elementor-testimonial__footer\">\n\t\t\t\t\t\t\t\t\t<div class=\"elementor-testimonial__image\">\n\t\t\t\t\t\t<img decoding=\"async\" src=\"https:\/\/devologyx.io\/wp-content\/uploads\/2022\/10\/interview.png\" alt=\"\">\n\t\t\t\t\t\t\t\t\t\t\t<\/div>\n\t\t\t\t\t\t\t\t\t\t\t<\/div>\n\t\t<\/div>\n\t\t\t\t\t\t\t\t<\/div>\n\t\t\t\t\t\t\t\t\t\t\t<div class=\"swiper-slide\" role=\"group\" aria-roledescription=\"slide\">\n\t\t\t\t\t\t\t\t\t<div class=\"elementor-testimonial\">\n\t\t\t\t\t\t\t<div class=\"elementor-testimonial__content\">\n\t\t\t\t\t<div class=\"elementor-testimonial__text\">\n\t\t\t\t\t\t<p><strong style=\"font-size:20px;\">Postulez \u00e0 l'un de nos emplois LIVE  <\/strong><br \/>\n<br \/>\nClignez des yeux et ils ont disparu...<\/p>\n\t\t\t\t\t<\/div>\n\t\t\t\t\t\t\t\t\t<\/div>\n\t\t\t\t\t\t<div class=\"elementor-testimonial__footer\">\n\t\t\t\t\t\t\t\t\t<div class=\"elementor-testimonial__image\">\n\t\t\t\t\t\t<img decoding=\"async\" src=\"https:\/\/devologyx.io\/wp-content\/uploads\/2022\/10\/folder.png\" alt=\"\">\n\t\t\t\t\t\t\t\t\t\t\t<\/div>\n\t\t\t\t\t\t\t\t\t\t\t<\/div>\n\t\t<\/div>\n\t\t\t\t\t\t\t\t<\/div>\n\t\t\t\t\t\t\t\t\t\t\t<div class=\"swiper-slide\" role=\"group\" aria-roledescription=\"slide\">\n\t\t\t\t\t\t\t\t\t<div class=\"elementor-testimonial\">\n\t\t\t\t\t\t\t<div class=\"elementor-testimonial__content\">\n\t\t\t\t\t<div class=\"elementor-testimonial__text\">\n\t\t\t\t\t\t<p><strong style=\"font-size:20px;\">Affichez vos r\u00e9flexions, vos projets, vos points de vue et<br \/>\navis sur notre communaut\u00e9 de blogs Open Source  <\/strong><br \/>\n<br \/>\nContribuez en tant que blogueur invit\u00e9 \/ publiez votre podcast \/ faites la publicit\u00e9 de votre \u00e9v\u00e9nement<\/p>\n\t\t\t\t\t<\/div>\n\t\t\t\t\t\t\t\t\t<\/div>\n\t\t\t\t\t\t<div class=\"elementor-testimonial__footer\">\n\t\t\t\t\t\t\t\t\t<div class=\"elementor-testimonial__image\">\n\t\t\t\t\t\t<img decoding=\"async\" src=\"https:\/\/devologyx.io\/wp-content\/uploads\/2022\/10\/blog.png\" alt=\"\">\n\t\t\t\t\t\t\t\t\t\t\t<\/div>\n\t\t\t\t\t\t\t\t\t\t\t<\/div>\n\t\t<\/div>\n\t\t\t\t\t\t\t\t<\/div>\n\t\t\t\t\t\t\t\t\t\t\t<div class=\"swiper-slide\" role=\"group\" aria-roledescription=\"slide\">\n\t\t\t\t\t\t\t\t\t<div class=\"elementor-testimonial\">\n\t\t\t\t\t\t\t<div class=\"elementor-testimonial__content\">\n\t\t\t\t\t<div class=\"elementor-testimonial__text\">\n\t\t\t\t\t\t<p><strong style=\"font-size:20px;\">Recevez le DFT Digest mensuel<\/strong><br \/>\n<br \/>\nLe premier dimanche de chaque mois, recevez notre DFT Digest qui contient des informations soigneusement s\u00e9lectionn\u00e9es, notamment des nouvelles br\u00fblantes du secteur, des critiques de clubs de lecture et d'articles de blogs, des offres d'emploi exclusives dans toute l'Europe et bien d'autres choses encore...<\/p>\n\t\t\t\t\t<\/div>\n\t\t\t\t\t\t\t\t\t<\/div>\n\t\t\t\t\t\t<div class=\"elementor-testimonial__footer\">\n\t\t\t\t\t\t\t\t\t<div class=\"elementor-testimonial__image\">\n\t\t\t\t\t\t<img decoding=\"async\" src=\"https:\/\/devologyx.io\/wp-content\/uploads\/2022\/10\/wisdom.png\" alt=\"\">\n\t\t\t\t\t\t\t\t\t\t\t<\/div>\n\t\t\t\t\t\t\t\t\t\t\t<\/div>\n\t\t<\/div>\n\t\t\t\t\t\t\t\t<\/div>\n\t\t\t\t\t\t\t\t\t\t\t<div class=\"swiper-slide\" role=\"group\" aria-roledescription=\"slide\">\n\t\t\t\t\t\t\t\t\t<div class=\"elementor-testimonial\">\n\t\t\t\t\t\t\t<div class=\"elementor-testimonial__content\">\n\t\t\t\t\t<div class=\"elementor-testimonial__text\">\n\t\t\t\t\t\t<p><strong style=\"font-size:20px;\">Rejoignez le club de lecture du DFT<\/strong><br \/>\n<br \/>\nChaque semaine, un nouveau livre pour am\u00e9liorer vos revenus, vos comp\u00e9tences ou votre qualit\u00e9 de vie.<\/p>\n\t\t\t\t\t<\/div>\n\t\t\t\t\t\t\t\t\t<\/div>\n\t\t\t\t\t\t<div class=\"elementor-testimonial__footer\">\n\t\t\t\t\t\t\t\t\t<div class=\"elementor-testimonial__image\">\n\t\t\t\t\t\t<img decoding=\"async\" src=\"https:\/\/devologyx.io\/wp-content\/uploads\/2022\/10\/book-club.png\" alt=\"\">\n\t\t\t\t\t\t\t\t\t\t\t<\/div>\n\t\t\t\t\t\t\t\t\t\t\t<\/div>\n\t\t<\/div>\n\t\t\t\t\t\t\t\t<\/div>\n\t\t\t\t\t\t\t\t\t<\/div>\n\t\t\t\t\t\t\t\t\t\t\t\t\t\t\t\t\t\t\t\t<div class=\"swiper-pagination\"><\/div>\n\t\t\t\t\t\t\t\t\t\t\t\t<\/div>\n\t\t\t\t<\/div>\n\t\t\t\t\t\t\t\t<\/div>\n\t\t\t\t<\/div>\n\t\t\t\t<div class=\"elementor-element elementor-element-751722b elementor-widget elementor-widget-image\" data-id=\"751722b\" data-element_type=\"widget\" data-e-type=\"widget\" data-widget_type=\"image.default\">\n\t\t\t\t<div class=\"elementor-widget-container\">\n\t\t\t\t\t\t\t\t\t\t\t\t\t\t\t<img decoding=\"async\" width=\"381\" height=\"262\" src=\"https:\/\/devologyx.io\/wp-content\/uploads\/2022\/10\/Group-210.png\" class=\"attachment-full size-full wp-image-15099\" alt=\"\" srcset=\"https:\/\/devologyx.io\/wp-content\/uploads\/2022\/10\/Group-210.png 381w, https:\/\/devologyx.io\/wp-content\/uploads\/2022\/10\/Group-210-300x206.png 300w\" sizes=\"(max-width: 381px) 100vw, 381px\" \/>\t\t\t\t\t\t\t\t\t\t\t\t\t\t\t<\/div>\n\t\t\t\t<\/div>\n\t\t\t\t\t<\/div>\n\t\t<\/div>\n\t\t\t\t<div class=\"elementor-column elementor-col-50 elementor-top-column elementor-element elementor-element-5c1d01f\" data-id=\"5c1d01f\" data-element_type=\"column\" data-e-type=\"column\">\n\t\t\t<div class=\"elementor-widget-wrap elementor-element-populated\">\n\t\t\t\t\t\t<section class=\"elementor-section elementor-inner-section elementor-element elementor-element-73d21c2 elementor-section-boxed elementor-section-height-default elementor-section-height-default\" data-id=\"73d21c2\" data-element_type=\"section\" data-e-type=\"section\" data-settings=\"{&quot;jet_parallax_layout_list&quot;:[]}\">\n\t\t\t\t\t\t<div class=\"elementor-container elementor-column-gap-default\">\n\t\t\t\t\t<div class=\"elementor-column elementor-col-100 elementor-inner-column elementor-element elementor-element-6a0af23\" data-id=\"6a0af23\" data-element_type=\"column\" data-e-type=\"column\">\n\t\t\t<div class=\"elementor-widget-wrap elementor-element-populated\">\n\t\t\t\t\t\t<div class=\"elementor-element elementor-element-48cc508 elementor-widget elementor-widget-jet-auth-links\" data-id=\"48cc508\" data-element_type=\"widget\" data-e-type=\"widget\" data-widget_type=\"jet-auth-links.default\">\n\t\t\t\t<div class=\"elementor-widget-container\">\n\t\t\t\t\t<div class=\"elementor-jet-auth-links jet-blocks\"><div class=\"jet-auth-links\"><div class=\"jet-auth-links__section jet-auth-links__login\">\n\t<div class=\"jet-auth-links__prefix\">Have an account?<\/div>\t<a class=\"jet-auth-links__item\" href=\"https:\/\/devologyx.io\/sign-in\"><span class=\"jet-auth-links__item-text\">Sign In<\/span><\/a>\n<\/div><div class=\"jet-auth-links__section jet-auth-links__register\">\n\t<div class=\"jet-auth-links__prefix\">or<\/div>\t<a class=\"jet-auth-links__item\" href=\"https:\/\/devologyx.io\/sign-up\/\"><span class=\"jet-auth-links__item-text\">Sign Up<\/span><\/a>\n<\/div><\/div>\n<\/div>\t\t\t\t<\/div>\n\t\t\t\t<\/div>\n\t\t\t\t\t<\/div>\n\t\t<\/div>\n\t\t\t\t\t<\/div>\n\t\t<\/section>\n\t\t\t\t<section class=\"elementor-section elementor-inner-section elementor-element elementor-element-2bfa9e2 elementor-section-boxed elementor-section-height-default elementor-section-height-default\" data-id=\"2bfa9e2\" data-element_type=\"section\" data-e-type=\"section\" data-settings=\"{&quot;jet_parallax_layout_list&quot;:[]}\">\n\t\t\t\t\t\t<div class=\"elementor-container elementor-column-gap-default\">\n\t\t\t\t\t<div class=\"elementor-column elementor-col-100 elementor-inner-column elementor-element elementor-element-89c2b4d\" data-id=\"89c2b4d\" data-element_type=\"column\" data-e-type=\"column\">\n\t\t\t<div class=\"elementor-widget-wrap elementor-element-populated\">\n\t\t\t\t\t\t<div class=\"elementor-element elementor-element-c805efe dev-register elementor-widget elementor-widget-jet-register\" data-id=\"c805efe\" data-element_type=\"widget\" data-e-type=\"widget\" data-widget_type=\"jet-register.default\">\n\t\t\t\t<div class=\"elementor-widget-container\">\n\t\t\t\t\t<div class=\"elementor-jet-register jet-blocks\"><form method=\"post\" class=\"jet-register\">\n\n\t<p class=\"jet-register__row\">\n\t\t<label class=\"jet-register__label\" for=\"jet_username\"><\/label>\n\t\t<input type=\"text\" class=\"jet-register__input\" name=\"username\" id=\"jet_username\" value=\"\" placeholder=\"Username\"\/>\n\t<\/p>\n\n\t<p class=\"jet-register__row\">\n\t\t<label  class=\"jet-register__label\"  for=\"jet_email\"><\/label>\n\t\t<input type=\"email\" class=\"jet-register__input\" name=\"email\" id=\"jet_email\" value=\"\" placeholder=\"Email\"\/>\n\t<\/p>\n\n\t<p class=\"jet-register__row\">\n\t\t<label  class=\"jet-register__label\" for=\"jet_password\"><\/label>\n\t\t<span class=\"jet-register__wrapper\">\n\t\t\t<input type=\"password\" class=\"jet-register__input \" name=\"password\" id=\"jet_password\" placeholder=\"Password\"\/>\n\n\t\t\t<svg xmlns=\"http:\/\/www.w3.org\/2000\/svg\" aria-hidden=\"true\" class=\"e-font-icon-svg e-far-eye password-visibility__icon password-visibility__icon--show show\" viewBox=\"0 0 576 512\">\n\t\t\t\t<path d=\"M288 144a110.94 110.94 0 0 0-31.24 5 55.4 55.4 0 0 1 7.24 27 56 56 0 0 1-56 56 55.4 55.4 0 0 1-27-7.24A111.71 111.71 0 1 0 288 144zm284.52 97.4C518.29 135.59 410.93 64 288 64S57.68 135.64 3.48 241.41a32.35 32.35 0 0 0 0 29.19C57.71 376.41 165.07 448 288 448s230.32-71.64 284.52-177.41a32.35 32.35 0 0 0 0-29.19zM288 400c-98.65 0-189.09-55-237.93-144C98.91 167 189.34 112 288 112s189.09 55 237.93 144C477.1 345 386.66 400 288 400z\"><\/path>\n\t\t\t<\/svg>\n\t\t\t<svg xmlns=\"http:\/\/www.w3.org\/2000\/svg\" aria-hidden=\"true\" class=\"e-font-icon-svg e-far-eye-slash password-visibility__icon password-visibility__icon--hide\" viewBox=\"0 0 640 512\">\n\t\t\t\t<path d=\"M634 471L36 3.51A16 16 0 0 0 13.51 6l-10 12.49A16 16 0 0 0 6 41l598 467.49a16 16 0 0 0 22.49-2.49l10-12.49A16 16 0 0 0 634 471zM296.79 146.47l134.79 105.38C429.36 191.91 380.48 144 320 144a112.26 112.26 0 0 0-23.21 2.47zm46.42 219.07L208.42 260.16C210.65 320.09 259.53 368 320 368a113 113 0 0 0 23.21-2.46zM320 112c98.65 0 189.09 55 237.93 144a285.53 285.53 0 0 1-44 60.2l37.74 29.5a333.7 333.7 0 0 0 52.9-75.11 32.35 32.35 0 0 0 0-29.19C550.29 135.59 442.93 64 320 64c-36.7 0-71.71 7-104.63 18.81l46.41 36.29c18.94-4.3 38.34-7.1 58.22-7.1zm0 288c-98.65 0-189.08-55-237.93-144a285.47 285.47 0 0 1 44.05-60.19l-37.74-29.5a333.6 333.6 0 0 0-52.89 75.1 32.35 32.35 0 0 0 0 29.19C89.72 376.41 197.08 448 320 448c36.7 0 71.71-7.05 104.63-18.81l-46.41-36.28C359.28 397.2 339.89 400 320 400z\"><\/path>\n\t\t\t<\/svg>\n\n\t\t<\/span>\n\t<\/p>\n\n\t\n\t\t<p class=\"jet-register__row\">\n\t\t\t<label  class=\"jet-register__label\" for=\"jet_password_confirm\"><\/label>\n\t\t\t<input type=\"password\" class=\"jet-register__input\" name=\"password-confirm\" id=\"jet_password_confirm\" placeholder=\"Confirm Password\"\/>\n\t\t\t<input type=\"hidden\" name=\"jet_confirm_password\" value=\"true\">\t\t<\/p>\n\n\t\n\t\n\t\n\t<div class=\"jet-register__row jet-privacy-policy\">\n\t\t<input type=\"checkbox\" value=\"jet_privacy_policy_checkbox\" class=\"jet-register__input\" name=\"privacy-policy\" id=\"jet_privacy_policy\" required=\"required\" \/>\n\t\t<label class=\"jet-register__label\" for=\"jet_privacy_policy\">I agree with the terms and conditions and the privacy policy<\/label>\n\t<\/div>\n\n\t\n\t\n\t<p class=\"jet-register__row jet-register-submit\">\n\t\t<input type=\"hidden\" id=\"jet-register-nonce\" name=\"jet-register-nonce\" value=\"2c285f3902\" \/><input type=\"hidden\" name=\"_wp_http_referer\" value=\"\/fr\/wp-json\/wp\/v2\/pages\/15855\" \/><input type=\"hidden\" name=\"jet_redirect\" value=\"https:\/\/devologyx.io\/fr\/\">\t\t<button type=\"submit\" class=\"jet-register__submit button\" name=\"register\">Sign Up<\/button>\n\t<\/p>\n\n<\/form>\n<\/div>\t\t\t\t<\/div>\n\t\t\t\t<\/div>\n\t\t\t\t\t<\/div>\n\t\t<\/div>\n\t\t\t\t\t<\/div>\n\t\t<\/section>\n\t\t\t\t\t<\/div>\n\t\t<\/div>\n\t\t\t\t\t<\/div>\n\t\t<\/section>\n\t\t\t\t<\/div>\n\t\t","protected":false},"excerpt":{"rendered":"<p>Cr\u00e9ez votre profil Pour en savoir plus \u27a1\ufe0f T\u00e9l\u00e9chargez votre CV Recevez des offres d&#8217;emploi personnalis\u00e9es et exclusives Construisez votre meilleur CV avec DevologyX D\u00e9marquez-vous avec plus de 20 mod\u00e8les de CV enti\u00e8rement personnalisables et pr\u00eats \u00e0 l&#8217;emploi. Offres d&#8217;emploi dans votre bo\u00eete de r\u00e9ception Recevez des offres d&#8217;emploi appropri\u00e9es d\u00e8s qu&rsquo;elles sont VIVANTES Postulez [&hellip;]<\/p>\n","protected":false},"author":1,"featured_media":0,"parent":0,"menu_order":0,"comment_status":"closed","ping_status":"closed","template":"elementor_canvas","meta":{"_themeisle_gutenberg_block_has_review":false,"_jet_sm_ready_style":"","_jet_sm_style":"","_jet_sm_controls_values":"","_jet_sm_fonts_collection":"","_jet_sm_fonts_links":"","footnotes":""},"class_list":["post-15855","page","type-page","status-publish","hentry"],"_links":{"self":[{"href":"https:\/\/devologyx.io\/fr\/wp-json\/wp\/v2\/pages\/15855","targetHints":{"allow":["GET"]}}],"collection":[{"href":"https:\/\/devologyx.io\/fr\/wp-json\/wp\/v2\/pages"}],"about":[{"href":"https:\/\/devologyx.io\/fr\/wp-json\/wp\/v2\/types\/page"}],"author":[{"embeddable":true,"href":"https:\/\/devologyx.io\/fr\/wp-json\/wp\/v2\/users\/1"}],"replies":[{"embeddable":true,"href":"https:\/\/devologyx.io\/fr\/wp-json\/wp\/v2\/comments?post=15855"}],"version-history":[{"count":2,"href":"https:\/\/devologyx.io\/fr\/wp-json\/wp\/v2\/pages\/15855\/revisions"}],"predecessor-version":[{"id":15882,"href":"https:\/\/devologyx.io\/fr\/wp-json\/wp\/v2\/pages\/15855\/revisions\/15882"}],"wp:attachment":[{"href":"https:\/\/devologyx.io\/fr\/wp-json\/wp\/v2\/media?parent=15855"}],"curies":[{"name":"wp","href":"https:\/\/api.w.org\/{rel}","templated":true}]}}